{"id":28,"date":"2016-08-05T22:34:25","date_gmt":"2016-08-05T22:34:25","guid":{"rendered":"http:\/\/canagrafnl.com\/?page_id=28"},"modified":"2016-08-05T22:35:32","modified_gmt":"2016-08-05T22:35:32","slug":"afiliacion","status":"publish","type":"page","link":"http:\/\/canagrafnl.com\/?page_id=28","title":{"rendered":"Afiliaci\u00f3n y Siem"},"content":{"rendered":"<p>En nuestra instituci\u00f3n estamos empe\u00f1ados en ser un factor de desarrollo de la industria Gr\u00e1fica del Estado de Nuevo Le\u00f3n y llevarla a niveles superlativos, por medio de una serie de servicios en todas las \u00e1reas de las empresas gr\u00e1ficas, para lo cual lo invitamos a que forme parte activa de la C\u00e1mara Nacional de la Industria de las Artes Gr\u00e1ficas, delegaci\u00f3n Nuevo Le\u00f3n.<\/p>\n<p>&nbsp;<\/p>\n<p><a href=\"http:\/\/canagrafnl.com\/wp-content\/uploads\/2016\/08\/membresia.png\"><img loading=\"lazy\" decoding=\"async\" class=\"aligncenter wp-image-95 size-full\" src=\"http:\/\/canagrafnl.com\/wp-content\/uploads\/2016\/08\/membresia.png\" alt=\"membresia\" width=\"547\" height=\"777\" srcset=\"http:\/\/canagrafnl.com\/wp-content\/uploads\/2016\/08\/membresia.png 547w, http:\/\/canagrafnl.com\/wp-content\/uploads\/2016\/08\/membresia-211x300.png 211w\" sizes=\"(max-width: 547px) 100vw, 547px\" \/><\/a><\/p>\n<p>&nbsp;<\/p>\n<p>&nbsp;<\/p>\n","protected":false},"excerpt":{"rendered":"<p>En nuestra instituci\u00f3n estamos empe\u00f1ados en ser un factor de desarrollo de la industria Gr\u00e1fica del Estado de Nuevo Le\u00f3n y llevarla a niveles superlativos, por medio de una serie de servicios en todas las \u00e1reas de las empresas gr\u00e1ficas, para lo cual lo invitamos a que forme parte activa de la C\u00e1mara Nacional de<a href=\"http:\/\/canagrafnl.com\/?page_id=28\">[&#8230;]<\/a><\/p>\n","protected":false},"author":1,"featured_media":0,"parent":0,"menu_order":0,"comment_status":"closed","ping_status":"closed","template":"","meta":{"footnotes":""},"_links":{"self":[{"href":"http:\/\/canagrafnl.com\/index.php?rest_route=\/wp\/v2\/pages\/28"}],"collection":[{"href":"http:\/\/canagrafnl.com\/index.php?rest_route=\/wp\/v2\/pages"}],"about":[{"href":"http:\/\/canagrafnl.com\/index.php?rest_route=\/wp\/v2\/types\/page"}],"author":[{"embeddable":true,"href":"http:\/\/canagrafnl.com\/index.php?rest_route=\/wp\/v2\/users\/1"}],"replies":[{"embeddable":true,"href":"http:\/\/canagrafnl.com\/index.php?rest_route=%2Fwp%2Fv2%2Fcomments&post=28"}],"version-history":[{"count":4,"href":"http:\/\/canagrafnl.com\/index.php?rest_route=\/wp\/v2\/pages\/28\/revisions"}],"predecessor-version":[{"id":98,"href":"http:\/\/canagrafnl.com\/index.php?rest_route=\/wp\/v2\/pages\/28\/revisions\/98"}],"wp:attachment":[{"href":"http:\/\/canagrafnl.com\/index.php?rest_route=%2Fwp%2Fv2%2Fmedia&parent=28"}],"curies":[{"name":"wp","href":"https:\/\/api.w.org\/{rel}","templated":true}]}}