{"id":31,"date":"2016-08-02T20:57:20","date_gmt":"2016-08-02T20:57:20","guid":{"rendered":"http:\/\/canagrafnl.com\/?page_id=31"},"modified":"2016-08-02T20:57:20","modified_gmt":"2016-08-02T20:57:20","slug":"tipometro-7","status":"publish","type":"page","link":"http:\/\/canagrafnl.com\/?page_id=31","title":{"rendered":"Tip\u00f3metro"},"content":{"rendered":"<p>Pr\u00f3ximamente se estar\u00e1 publicando la revista Tip\u00f3metro<\/p>\n","protected":false},"excerpt":{"rendered":"<p>Pr\u00f3ximamente se estar\u00e1 publicando la revista Tip\u00f3metro<\/p>\n","protected":false},"author":1,"featured_media":0,"parent":0,"menu_order":0,"comment_status":"closed","ping_status":"closed","template":"","meta":{"footnotes":""},"_links":{"self":[{"href":"http:\/\/canagrafnl.com\/index.php?rest_route=\/wp\/v2\/pages\/31"}],"collection":[{"href":"http:\/\/canagrafnl.com\/index.php?rest_route=\/wp\/v2\/pages"}],"about":[{"href":"http:\/\/canagrafnl.com\/index.php?rest_route=\/wp\/v2\/types\/page"}],"author":[{"embeddable":true,"href":"http:\/\/canagrafnl.com\/index.php?rest_route=\/wp\/v2\/users\/1"}],"replies":[{"embeddable":true,"href":"http:\/\/canagrafnl.com\/index.php?rest_route=%2Fwp%2Fv2%2Fcomments&post=31"}],"version-history":[{"count":2,"href":"http:\/\/canagrafnl.com\/index.php?rest_route=\/wp\/v2\/pages\/31\/revisions"}],"predecessor-version":[{"id":75,"href":"http:\/\/canagrafnl.com\/index.php?rest_route=\/wp\/v2\/pages\/31\/revisions\/75"}],"wp:attachment":[{"href":"http:\/\/canagrafnl.com\/index.php?rest_route=%2Fwp%2Fv2%2Fmedia&parent=31"}],"curies":[{"name":"wp","href":"https:\/\/api.w.org\/{rel}","templated":true}]}}