{"id":37,"date":"2016-08-02T22:26:56","date_gmt":"2016-08-02T22:26:56","guid":{"rendered":"http:\/\/canagrafnl.com\/?page_id=37"},"modified":"2016-08-02T23:34:38","modified_gmt":"2016-08-02T23:34:38","slug":"mexico-imprime-bien","status":"publish","type":"page","link":"http:\/\/canagrafnl.com\/?page_id=37","title":{"rendered":"M\u00e9xico Imprime Bien"},"content":{"rendered":"<p><img loading=\"lazy\" decoding=\"async\" class=\"size-full wp-image-15 aligncenter\" src=\"http:\/\/canagrafnl.com\/wp-content\/uploads\/2016\/08\/MEX-2.png\" alt=\"MEX\" width=\"118\" height=\"64\" \/><\/p>\n<p><img loading=\"lazy\" decoding=\"async\" class=\"alignnone size-full wp-image-43\" src=\"http:\/\/canagrafnl.com\/wp-content\/uploads\/2016\/08\/mision-1.png\" alt=\"mision\" width=\"408\" height=\"34\" srcset=\"http:\/\/canagrafnl.com\/wp-content\/uploads\/2016\/08\/mision-1.png 408w, http:\/\/canagrafnl.com\/wp-content\/uploads\/2016\/08\/mision-1-300x25.png 300w, http:\/\/canagrafnl.com\/wp-content\/uploads\/2016\/08\/mision-1-400x34.png 400w\" sizes=\"(max-width: 408px) 100vw, 408px\" \/><\/p>\n<p>Generar conocimiento y confianza por la impresi\u00f3n hecha en M\u00e9xico logrando un cambio de actitud, valorando lo nuestro, para impulsar el desarrollo econ\u00f3mico.<\/p>\n<p>&nbsp;<\/p>\n<p><img loading=\"lazy\" decoding=\"async\" class=\"alignnone wp-image-68\" src=\"http:\/\/canagrafnl.com\/wp-content\/uploads\/2016\/08\/vision-2.png\" alt=\"vision\" width=\"408\" height=\"35\" srcset=\"http:\/\/canagrafnl.com\/wp-content\/uploads\/2016\/08\/vision-2.png 469w, http:\/\/canagrafnl.com\/wp-content\/uploads\/2016\/08\/vision-2-300x26.png 300w\" sizes=\"(max-width: 408px) 100vw, 408px\" \/><\/p>\n<p>Consolidar el reconocimiento de empresas mexicanas.<\/p>\n<p>&nbsp;<\/p>\n<p><img loading=\"lazy\" decoding=\"async\" class=\"alignnone wp-image-69\" src=\"http:\/\/canagrafnl.com\/wp-content\/uploads\/2016\/08\/estrategia-1.png\" alt=\"estrategia\" width=\"408\" height=\"35\" srcset=\"http:\/\/canagrafnl.com\/wp-content\/uploads\/2016\/08\/estrategia-1.png 469w, http:\/\/canagrafnl.com\/wp-content\/uploads\/2016\/08\/estrategia-1-300x26.png 300w\" sizes=\"(max-width: 408px) 100vw, 408px\" \/><\/p>\n<p>Incrementar la preferencia de los consumidores mexicanos por los productos impresos en el pa\u00eds, y fortalecer la presencia en mercados internacionales. Independientemente de la empresa con la que se realiza, es decir, siempre y cuando sean impresos en territorio nacional.<\/p>\n<p>Prop\u00f3sito: impulsar el mercado interno y la producci\u00f3n nacional.<\/p>\n<p>Una industria gr\u00e1fica fuerte.<\/p>\n<p>&nbsp;<\/p>\n<p><img loading=\"lazy\" decoding=\"async\" class=\"alignnone wp-image-70\" src=\"http:\/\/canagrafnl.com\/wp-content\/uploads\/2016\/08\/por-que-1.png\" alt=\"por que\" width=\"408\" height=\"35\" srcset=\"http:\/\/canagrafnl.com\/wp-content\/uploads\/2016\/08\/por-que-1.png 469w, http:\/\/canagrafnl.com\/wp-content\/uploads\/2016\/08\/por-que-1-300x26.png 300w\" sizes=\"(max-width: 408px) 100vw, 408px\" \/><\/p>\n<ul>\n<li>Apoyas a las empresas mexicanas, a los trabajadores mexicanos y de paso al comercio formal.<\/li>\n<li>Imprimir en M\u00e9xico ayuda a que la econom\u00eda se mantenga en constante crecimiento.<\/li>\n<li>En otros pa\u00edses no existen restricciones, ni de horarios, ni de salario, no tienen seguridad social, ni controles de contaminaci\u00f3n ambiental, sacrificando la calidad para favorecer el precio.<\/li>\n<li>Cuando Imprimes en M\u00e9xico contribuyes al pago de mejores salarios a trabajadores. Si la capacidad de imprimir en M\u00e9xico disminuye, las futuras generaciones no ser\u00e1n capaces de encontrar buenos puestos de trabajo<\/li>\n<li>Al gastar el dinero en impresos mexicanos, el dinero se queda en nuestro pa\u00eds. Esto ayuda a reactivar la econom\u00eda y nos beneficia a todos.<\/li>\n<\/ul>\n","protected":false},"excerpt":{"rendered":"<p>Generar conocimiento y confianza por la impresi\u00f3n hecha en M\u00e9xico logrando un cambio de actitud, valorando lo nuestro, para impulsar el desarrollo econ\u00f3mico. &nbsp; Consolidar el reconocimiento de empresas mexicanas. &nbsp; Incrementar la preferencia de los consumidores mexicanos por los productos impresos en el pa\u00eds, y fortalecer la presencia en mercados internacionales. Independientemente de la<a href=\"http:\/\/canagrafnl.com\/?page_id=37\">[&#8230;]<\/a><\/p>\n","protected":false},"author":1,"featured_media":0,"parent":0,"menu_order":0,"comment_status":"closed","ping_status":"closed","template":"","meta":{"footnotes":""},"_links":{"self":[{"href":"http:\/\/canagrafnl.com\/index.php?rest_route=\/wp\/v2\/pages\/37"}],"collection":[{"href":"http:\/\/canagrafnl.com\/index.php?rest_route=\/wp\/v2\/pages"}],"about":[{"href":"http:\/\/canagrafnl.com\/index.php?rest_route=\/wp\/v2\/types\/page"}],"author":[{"embeddable":true,"href":"http:\/\/canagrafnl.com\/index.php?rest_route=\/wp\/v2\/users\/1"}],"replies":[{"embeddable":true,"href":"http:\/\/canagrafnl.com\/index.php?rest_route=%2Fwp%2Fv2%2Fcomments&post=37"}],"version-history":[{"count":10,"href":"http:\/\/canagrafnl.com\/index.php?rest_route=\/wp\/v2\/pages\/37\/revisions"}],"predecessor-version":[{"id":73,"href":"http:\/\/canagrafnl.com\/index.php?rest_route=\/wp\/v2\/pages\/37\/revisions\/73"}],"wp:attachment":[{"href":"http:\/\/canagrafnl.com\/index.php?rest_route=%2Fwp%2Fv2%2Fmedia&parent=37"}],"curies":[{"name":"wp","href":"https:\/\/api.w.org\/{rel}","templated":true}]}}